{"id":5,"date":"2021-08-20T07:23:27","date_gmt":"2021-08-20T07:23:27","guid":{"rendered":"https:\/\/frausammer.mur.at\/?page_id=5"},"modified":"2024-07-28T09:51:25","modified_gmt":"2024-07-28T09:51:25","slug":"create-your-website-with-blocks","status":"publish","type":"page","link":"https:\/\/frausammer.mur.at\/","title":{"rendered":"Termine"},"content":{"rendered":"\n<p>Upcoming:<\/p>\n\n\n\n<ul class=\"wp-block-list\">\n<li>2. August 2024 20:00 <a href=\"https:\/\/kultursommer.wien\/act\/?id=336635-frau-sammer-frau-sammer&amp;lang=de\">Kultursommer Wien, Reithofferpark<\/a><\/li>\n\n\n\n<li>6. September 2024 20:15 <a href=\"https:\/\/deserteursberatung.at\/index.php\/2024\/07\/17\/dessi-soli-party-06-09-2024-arena-wien\/\">Dessi Soli, Arena Wien<\/a><\/li>\n\n\n\n<li>7. September 2024 19:30 <a href=\"https:\/\/www.kpoe-graz.at\/volkshausfees-2023_01-1.phtml\">Volkshausfest, Volkshaus Graz<\/a><\/li>\n<\/ul>\n\n\n\n<p>Recently:<\/p>\n\n\n\n<ul class=\"wp-block-list\">\n<li>15. Juni 2024<a href=\"https:\/\/www.kulturverein-oag.org\/\"> OAG Sessions<\/a>, Zotl Graz<\/li>\n\n\n\n<li>8. Juni 2024 Frau Sammer + Katrin Sofie F. und der D\u00e4ne,<a href=\"https:\/\/schlor.org\/\"> SchloR Wien<\/a><\/li>\n\n\n\n<li>30. April 2024 <a href=\"https:\/\/www.odeon-theater.at\/wahlpurgisnacht2024\/\">Wahlpurgisnacht, Odeon Theater, Wien<\/a><\/li>\n\n\n\n<li>27. J\u00e4nner 2024 EKH Wien<\/li>\n\n\n\n<li>16. Dezember 2023 Einbaum\u00f6bel Wien<\/li>\n\n\n\n<li>27. Juli 2023 20:00<a href=\"https:\/\/fb.me\/e\/34cKQpQMR\"> Mortarapark, Kultursommer Wien<\/a><\/li>\n\n\n\n<li>10. August 2023 Kiosk\/ Wild im West, Wien<\/li>\n\n\n\n<li>leider abgesagt: Juni 2023, <a href=\"https:\/\/blechsonne.org\/\">Blechsonne Festival <\/a><\/li>\n<\/ul>\n\n\n\n<hr class=\"wp-block-separator has-alpha-channel-opacity\"\/>\n\n\n\n<h1 class=\"wp-block-heading\">Absolution<\/h1>\n\n\n\n<h2 class=\"wp-block-heading\">Out now &#8211; Frau Sammers digitaler Beichtstuhl<\/h2>\n\n\n\n<iframe loading=\"lazy\" src=\"https:\/\/www.speakpipe.com\/widget\/inline\/cgheicn2ckxokif0o3wm6ztb2uvyh6rd\" allow=\"microphone\" width=\"100%\" height=\"200\" frameborder=\"0\"><\/iframe>\n<script async=\"\" src=\"https:\/\/www.speakpipe.com\/widget\/loader.js\" charset=\"utf-8\"><\/script>\n\n\n<div class=\"wpforms-container wpforms-container-full\" id=\"wpforms-152\"><form id=\"wpforms-form-152\" class=\"wpforms-validate wpforms-form wpforms-ajax-form\" data-formid=\"152\" method=\"post\" enctype=\"multipart\/form-data\" action=\"\/index.php?rest_route=%2Fwp%2Fv2%2Fpages%2F5\" data-token=\"592b0a883a3b4c87a9252db28808b162\"><noscript class=\"wpforms-error-noscript\">Please enable JavaScript in your browser to complete this form.<\/noscript><div class=\"wpforms-field-container\"><div id=\"wpforms-152-field_3-container\" class=\"wpforms-field wpforms-field-textarea\" data-field-id=\"3\"><label class=\"wpforms-field-label\" for=\"wpforms-152-field_3\">oder schreibe uns deine Beichte hier:<\/label><textarea id=\"wpforms-152-field_3\" class=\"wpforms-field-medium\" name=\"wpforms[fields][3]\" ><\/textarea><\/div><\/div><div class=\"wpforms-submit-container\"><input type=\"hidden\" name=\"wpforms[id]\" value=\"152\"><input type=\"hidden\" name=\"wpforms[author]\" value=\"1\"><button type=\"submit\" name=\"wpforms[submit]\" id=\"wpforms-submit-152\" class=\"wpforms-submit\" data-alt-text=\"....\" data-submit-text=\"Bitte um Absolution\" aria-live=\"assertive\" value=\"wpforms-submit\">Bitte um Absolution<\/button><img loading=\"lazy\" decoding=\"async\" src=\"https:\/\/frausammer.mur.at\/wp-content\/plugins\/wpforms-lite\/assets\/images\/submit-spin.svg\" class=\"wpforms-submit-spinner\" style=\"display: none;\" width=\"26\" height=\"26\" alt=\"Loading\"><\/div><\/form><\/div>  <!-- .wpforms-container -->\n\n\n<h2 class=\"wp-block-heading\"><\/h2>\n\n\n\n<p class=\"has-luminous-dusk-gradient-background has-background has-medium-font-size\">Fan Holga V: &#8220;Mir f\u00e4llt es wirklich schwer, zu sagen, warum mir das so gut gef\u00e4llt. Vielleicht ist das aber das beste Zeichen \u00fcberhaupt. Man greift ja viel zu schnell zu Vergleichen. Das geht bei euch nicht. Ihr seid so weit weg von allem, was das Etikett &#8220;Schule&#8221; tr\u00e4gt, so weit \u00fcber jeder (Selbst-)Gef\u00e4lligkeits-Hipness. Allenfalls international findet man euch in Ans\u00e4tzen wieder, aber viel berechenbarer und langweiliger. Wir h\u00f6ren viel, aber das ist wirklich richtig gut und sehr besonders, was ihr da macht.&#8221;<\/p>\n\n\n\n<p class=\"has-luminous-dusk-gradient-background has-background has-medium-font-size\">Fan Chris B: &#8220;eine Lavalampe f\u00fcr die Ohren&#8221;<\/p>\n\n\n\n<h2 class=\"wp-block-heading alignwide has-text-align-wide has-gigantic-font-size\" style=\"line-height:1.1\">H\u00f6r rein<\/h2>\n\n\n\n<figure class=\"wp-block-embed is-type-rich is-provider-soundcloud wp-block-embed-soundcloud wp-embed-aspect-4-3 wp-has-aspect-ratio\"><div class=\"wp-block-embed__wrapper\">\n<iframe loading=\"lazy\" title=\"frausammer\" width=\"640\" height=\"450\" scrolling=\"no\" frameborder=\"no\" src=\"https:\/\/w.soundcloud.com\/player\/?visual=true&#038;url=https%3A%2F%2Fapi.soundcloud.com%2Fusers%2F149997413&#038;show_artwork=true&#038;maxheight=960&#038;maxwidth=640\"><\/iframe>\n<\/div><\/figure>\n\n\n\n\n\n<div class=\"wp-block-group is-nowrap is-layout-flex wp-container-core-group-is-layout-ad2f72ca wp-block-group-is-layout-flex\">\n<div class=\"wp-block-columns is-layout-flex wp-container-core-columns-is-layout-9d6595d7 wp-block-columns-is-layout-flex\">\n<div class=\"wp-block-column is-layout-flow wp-block-column-is-layout-flow\" style=\"flex-basis:100%\">\n<figure class=\"wp-block-gallery has-nested-images columns-default is-cropped wp-block-gallery-1 is-layout-flex wp-block-gallery-is-layout-flex\">\n<figure class=\"wp-block-image size-large\"><img loading=\"lazy\" decoding=\"async\" width=\"683\" height=\"1024\" data-id=\"222\" src=\"https:\/\/frausammer.mur.at\/wp-content\/uploads\/2024\/02\/1V2A9760-683x1024.jpg\" alt=\"\" class=\"wp-image-222\" srcset=\"https:\/\/frausammer.mur.at\/wp-content\/uploads\/2024\/02\/1V2A9760-683x1024.jpg 683w, https:\/\/frausammer.mur.at\/wp-content\/uploads\/2024\/02\/1V2A9760-200x300.jpg 200w, https:\/\/frausammer.mur.at\/wp-content\/uploads\/2024\/02\/1V2A9760-768x1151.jpg 768w, https:\/\/frausammer.mur.at\/wp-content\/uploads\/2024\/02\/1V2A9760-1025x1536.jpg 1025w, https:\/\/frausammer.mur.at\/wp-content\/uploads\/2024\/02\/1V2A9760-300x450.jpg 300w, https:\/\/frausammer.mur.at\/wp-content\/uploads\/2024\/02\/1V2A9760-850x1274.jpg 850w\" sizes=\"auto, (max-width: 683px) 100vw, 683px\" \/><figcaption class=\"wp-element-caption\">(c) Helena Manhartsberger<\/figcaption><\/figure>\n\n\n\n<figure class=\"wp-block-image size-large\"><img loading=\"lazy\" decoding=\"async\" width=\"683\" height=\"1024\" data-id=\"210\" src=\"https:\/\/frausammer.mur.at\/wp-content\/uploads\/2024\/01\/1V2A0741-1-683x1024.jpg\" alt=\"\" class=\"wp-image-210\" srcset=\"https:\/\/frausammer.mur.at\/wp-content\/uploads\/2024\/01\/1V2A0741-1-683x1024.jpg 683w, https:\/\/frausammer.mur.at\/wp-content\/uploads\/2024\/01\/1V2A0741-1-200x300.jpg 200w, https:\/\/frausammer.mur.at\/wp-content\/uploads\/2024\/01\/1V2A0741-1-768x1151.jpg 768w, https:\/\/frausammer.mur.at\/wp-content\/uploads\/2024\/01\/1V2A0741-1-1025x1536.jpg 1025w, https:\/\/frausammer.mur.at\/wp-content\/uploads\/2024\/01\/1V2A0741-1-300x450.jpg 300w, https:\/\/frausammer.mur.at\/wp-content\/uploads\/2024\/01\/1V2A0741-1-850x1274.jpg 850w\" sizes=\"auto, (max-width: 683px) 100vw, 683px\" \/><figcaption class=\"wp-element-caption\">(c) Helena Manhartsberger<\/figcaption><\/figure>\n\n\n\n<figure class=\"wp-block-image size-large\"><img loading=\"lazy\" decoding=\"async\" width=\"683\" height=\"1024\" data-id=\"219\" src=\"https:\/\/frausammer.mur.at\/wp-content\/uploads\/2024\/02\/1V2A9382-683x1024.jpg\" alt=\"\" class=\"wp-image-219\" srcset=\"https:\/\/frausammer.mur.at\/wp-content\/uploads\/2024\/02\/1V2A9382-683x1024.jpg 683w, https:\/\/frausammer.mur.at\/wp-content\/uploads\/2024\/02\/1V2A9382-200x300.jpg 200w, https:\/\/frausammer.mur.at\/wp-content\/uploads\/2024\/02\/1V2A9382-768x1151.jpg 768w, https:\/\/frausammer.mur.at\/wp-content\/uploads\/2024\/02\/1V2A9382-1025x1536.jpg 1025w, https:\/\/frausammer.mur.at\/wp-content\/uploads\/2024\/02\/1V2A9382-300x450.jpg 300w, https:\/\/frausammer.mur.at\/wp-content\/uploads\/2024\/02\/1V2A9382-850x1274.jpg 850w, https:\/\/frausammer.mur.at\/wp-content\/uploads\/2024\/02\/1V2A9382.jpg 1201w\" sizes=\"auto, (max-width: 683px) 100vw, 683px\" \/><figcaption class=\"wp-element-caption\">(c) Helena Manhartsberger<\/figcaption><\/figure>\n\n\n\n<figure class=\"wp-block-image size-large\"><img loading=\"lazy\" decoding=\"async\" width=\"1024\" height=\"683\" data-id=\"170\" src=\"https:\/\/frausammer.mur.at\/wp-content\/uploads\/2023\/03\/einbaumoebel_2_c_HelenaManhartsberger-1024x683.jpeg\" alt=\"\" class=\"wp-image-170\" srcset=\"https:\/\/frausammer.mur.at\/wp-content\/uploads\/2023\/03\/einbaumoebel_2_c_HelenaManhartsberger-1024x683.jpeg 1024w, https:\/\/frausammer.mur.at\/wp-content\/uploads\/2023\/03\/einbaumoebel_2_c_HelenaManhartsberger-300x200.jpeg 300w, https:\/\/frausammer.mur.at\/wp-content\/uploads\/2023\/03\/einbaumoebel_2_c_HelenaManhartsberger-768x512.jpeg 768w, https:\/\/frausammer.mur.at\/wp-content\/uploads\/2023\/03\/einbaumoebel_2_c_HelenaManhartsberger-1536x1024.jpeg 1536w, https:\/\/frausammer.mur.at\/wp-content\/uploads\/2023\/03\/einbaumoebel_2_c_HelenaManhartsberger-850x567.jpeg 850w, https:\/\/frausammer.mur.at\/wp-content\/uploads\/2023\/03\/einbaumoebel_2_c_HelenaManhartsberger.jpeg 1600w\" sizes=\"auto, (max-width: 1024px) 100vw, 1024px\" \/><figcaption class=\"wp-element-caption\">(c)Helena Manhartsberger<\/figcaption><\/figure>\n\n\n\n<figure class=\"wp-block-image size-large\"><img loading=\"lazy\" decoding=\"async\" width=\"1024\" height=\"683\" data-id=\"229\" src=\"https:\/\/frausammer.mur.at\/wp-content\/uploads\/2024\/02\/R003976-1024x683.jpg\" alt=\"\" class=\"wp-image-229\" srcset=\"https:\/\/frausammer.mur.at\/wp-content\/uploads\/2024\/02\/R003976-1024x683.jpg 1024w, https:\/\/frausammer.mur.at\/wp-content\/uploads\/2024\/02\/R003976-300x200.jpg 300w, https:\/\/frausammer.mur.at\/wp-content\/uploads\/2024\/02\/R003976-768x512.jpg 768w, https:\/\/frausammer.mur.at\/wp-content\/uploads\/2024\/02\/R003976-1536x1024.jpg 1536w, https:\/\/frausammer.mur.at\/wp-content\/uploads\/2024\/02\/R003976-2048x1365.jpg 2048w, https:\/\/frausammer.mur.at\/wp-content\/uploads\/2024\/02\/R003976-850x567.jpg 850w\" sizes=\"auto, (max-width: 1024px) 100vw, 1024px\" \/><figcaption class=\"wp-element-caption\">(c) Helena Manhartsberger<\/figcaption><\/figure>\n\n\n\n<figure class=\"wp-block-image size-large\"><img loading=\"lazy\" decoding=\"async\" width=\"1024\" height=\"683\" data-id=\"224\" src=\"https:\/\/frausammer.mur.at\/wp-content\/uploads\/2024\/02\/1V2A9231-1024x683.jpg\" alt=\"\" class=\"wp-image-224\" srcset=\"https:\/\/frausammer.mur.at\/wp-content\/uploads\/2024\/02\/1V2A9231-1024x683.jpg 1024w, https:\/\/frausammer.mur.at\/wp-content\/uploads\/2024\/02\/1V2A9231-300x200.jpg 300w, https:\/\/frausammer.mur.at\/wp-content\/uploads\/2024\/02\/1V2A9231-768x512.jpg 768w, https:\/\/frausammer.mur.at\/wp-content\/uploads\/2024\/02\/1V2A9231-1536x1025.jpg 1536w, https:\/\/frausammer.mur.at\/wp-content\/uploads\/2024\/02\/1V2A9231-850x567.jpg 850w, https:\/\/frausammer.mur.at\/wp-content\/uploads\/2024\/02\/1V2A9231.jpg 1800w\" sizes=\"auto, (max-width: 1024px) 100vw, 1024px\" \/><figcaption class=\"wp-element-caption\">(c) Helena Manhartsberger<\/figcaption><\/figure>\n\n\n\n<figure class=\"wp-block-image size-large\"><img loading=\"lazy\" decoding=\"async\" width=\"1000\" height=\"667\" data-id=\"172\" src=\"https:\/\/frausammer.mur.at\/wp-content\/uploads\/2023\/03\/IMG_89868DCE6A1B-1.jpeg\" alt=\"\" class=\"wp-image-172\" srcset=\"https:\/\/frausammer.mur.at\/wp-content\/uploads\/2023\/03\/IMG_89868DCE6A1B-1.jpeg 1000w, https:\/\/frausammer.mur.at\/wp-content\/uploads\/2023\/03\/IMG_89868DCE6A1B-1-300x200.jpeg 300w, https:\/\/frausammer.mur.at\/wp-content\/uploads\/2023\/03\/IMG_89868DCE6A1B-1-768x512.jpeg 768w, https:\/\/frausammer.mur.at\/wp-content\/uploads\/2023\/03\/IMG_89868DCE6A1B-1-850x567.jpeg 850w\" sizes=\"auto, (max-width: 1000px) 100vw, 1000px\" \/><figcaption class=\"wp-element-caption\">(c)Helena Manhartsberger<\/figcaption><\/figure>\n\n\n\n<figure class=\"wp-block-image size-large\"><img loading=\"lazy\" decoding=\"async\" width=\"1024\" height=\"768\" data-id=\"227\" src=\"https:\/\/frausammer.mur.at\/wp-content\/uploads\/2024\/02\/IMG_2243-1024x768.jpg\" alt=\"\" class=\"wp-image-227\" srcset=\"https:\/\/frausammer.mur.at\/wp-content\/uploads\/2024\/02\/IMG_2243-1024x768.jpg 1024w, https:\/\/frausammer.mur.at\/wp-content\/uploads\/2024\/02\/IMG_2243-300x225.jpg 300w, https:\/\/frausammer.mur.at\/wp-content\/uploads\/2024\/02\/IMG_2243-768x576.jpg 768w, https:\/\/frausammer.mur.at\/wp-content\/uploads\/2024\/02\/IMG_2243-1536x1152.jpg 1536w, https:\/\/frausammer.mur.at\/wp-content\/uploads\/2024\/02\/IMG_2243-850x638.jpg 850w, https:\/\/frausammer.mur.at\/wp-content\/uploads\/2024\/02\/IMG_2243.jpg 1600w\" sizes=\"auto, (max-width: 1024px) 100vw, 1024px\" \/><figcaption class=\"wp-element-caption\">(c) Helena Manhartsberger<\/figcaption><\/figure>\n\n\n\n<figure class=\"wp-block-image size-large\"><img loading=\"lazy\" decoding=\"async\" width=\"768\" height=\"1024\" data-id=\"147\" src=\"https:\/\/frausammer.mur.at\/wp-content\/uploads\/2022\/10\/f23-768x1024.jpg\" alt=\"\" class=\"wp-image-147\" srcset=\"https:\/\/frausammer.mur.at\/wp-content\/uploads\/2022\/10\/f23-768x1024.jpg 768w, https:\/\/frausammer.mur.at\/wp-content\/uploads\/2022\/10\/f23-225x300.jpg 225w, https:\/\/frausammer.mur.at\/wp-content\/uploads\/2022\/10\/f23-1152x1536.jpg 1152w, https:\/\/frausammer.mur.at\/wp-content\/uploads\/2022\/10\/f23-300x400.jpg 300w, https:\/\/frausammer.mur.at\/wp-content\/uploads\/2022\/10\/f23-850x1133.jpg 850w, https:\/\/frausammer.mur.at\/wp-content\/uploads\/2022\/10\/f23.jpg 1536w\" sizes=\"auto, (max-width: 768px) 100vw, 768px\" \/><figcaption class=\"wp-element-caption\">(c) Stella H\u00f6llerer<\/figcaption><\/figure>\n\n\n\n<figure class=\"wp-block-image size-large\"><img loading=\"lazy\" decoding=\"async\" width=\"1024\" height=\"885\" data-id=\"225\" src=\"https:\/\/frausammer.mur.at\/wp-content\/uploads\/2024\/02\/Kultursommer2023_ArtworkFuerKuenstlerinnen_Web_Posting-5-1024x885.jpg\" alt=\"\" class=\"wp-image-225\" srcset=\"https:\/\/frausammer.mur.at\/wp-content\/uploads\/2024\/02\/Kultursommer2023_ArtworkFuerKuenstlerinnen_Web_Posting-5-1024x885.jpg 1024w, https:\/\/frausammer.mur.at\/wp-content\/uploads\/2024\/02\/Kultursommer2023_ArtworkFuerKuenstlerinnen_Web_Posting-5-300x259.jpg 300w, https:\/\/frausammer.mur.at\/wp-content\/uploads\/2024\/02\/Kultursommer2023_ArtworkFuerKuenstlerinnen_Web_Posting-5-768x664.jpg 768w, https:\/\/frausammer.mur.at\/wp-content\/uploads\/2024\/02\/Kultursommer2023_ArtworkFuerKuenstlerinnen_Web_Posting-5-1536x1327.jpg 1536w, https:\/\/frausammer.mur.at\/wp-content\/uploads\/2024\/02\/Kultursommer2023_ArtworkFuerKuenstlerinnen_Web_Posting-5-2048x1770.jpg 2048w, https:\/\/frausammer.mur.at\/wp-content\/uploads\/2024\/02\/Kultursommer2023_ArtworkFuerKuenstlerinnen_Web_Posting-5-850x735.jpg 850w\" sizes=\"auto, (max-width: 1024px) 100vw, 1024px\" \/><figcaption class=\"wp-element-caption\">(c) Frau Sammer<\/figcaption><\/figure>\n<\/figure>\n<\/div>\n<\/div>\n<\/div>\n","protected":false},"excerpt":{"rendered":"<p>Upcoming: Recently: Absolution Out now &#8211; Frau Sammers digitaler Beichtstuhl Fan Holga V: &#8220;Mir f\u00e4llt es wirklich schwer, zu sagen, warum mir das so gut gef\u00e4llt. Vielleicht ist das aber das beste Zeichen \u00fcberhaupt. Man greift ja viel zu schnell zu Vergleichen. Das geht bei euch nicht. Ihr seid so weit weg von allem, was&#8230;<\/p>\n","protected":false},"author":1,"featured_media":0,"parent":0,"menu_order":0,"comment_status":"closed","ping_status":"closed","template":"","meta":{"footnotes":""},"class_list":["post-5","page","type-page","status-publish","hentry"],"_links":{"self":[{"href":"https:\/\/frausammer.mur.at\/index.php?rest_route=\/wp\/v2\/pages\/5","targetHints":{"allow":["GET"]}}],"collection":[{"href":"https:\/\/frausammer.mur.at\/index.php?rest_route=\/wp\/v2\/pages"}],"about":[{"href":"https:\/\/frausammer.mur.at\/index.php?rest_route=\/wp\/v2\/types\/page"}],"author":[{"embeddable":true,"href":"https:\/\/frausammer.mur.at\/index.php?rest_route=\/wp\/v2\/users\/1"}],"replies":[{"embeddable":true,"href":"https:\/\/frausammer.mur.at\/index.php?rest_route=%2Fwp%2Fv2%2Fcomments&post=5"}],"version-history":[{"count":55,"href":"https:\/\/frausammer.mur.at\/index.php?rest_route=\/wp\/v2\/pages\/5\/revisions"}],"predecessor-version":[{"id":248,"href":"https:\/\/frausammer.mur.at\/index.php?rest_route=\/wp\/v2\/pages\/5\/revisions\/248"}],"wp:attachment":[{"href":"https:\/\/frausammer.mur.at\/index.php?rest_route=%2Fwp%2Fv2%2Fmedia&parent=5"}],"curies":[{"name":"wp","href":"https:\/\/api.w.org\/{rel}","templated":true}]}}